{"id":11531,"date":"2016-10-30T20:55:18","date_gmt":"2016-10-30T19:55:18","guid":{"rendered":"https:\/\/berlinhimmel.de\/berlinale\/"},"modified":"2025-02-20T00:28:37","modified_gmt":"2025-02-19T23:28:37","slug":"berlinale","status":"publish","type":"page","link":"https:\/\/berlinhimmel.de\/en\/berlinale\/","title":{"rendered":"Berlinale"},"content":{"rendered":"<!--themify_builder_content-->\n<div id=\"themify_builder_content-11531\" data-postid=\"11531\" class=\"themify_builder_content themify_builder_content-11531 themify_builder tf_clear\">\n                    <div  data-lazy=\"1\" class=\"module_row themify_builder_row tb_w0m0402 tb_first tf_w\">\n                        <div class=\"row_inner col_align_top tb_col_count_1 tf_box tf_rel\">\n                        <div  data-lazy=\"1\" class=\"module_column tb-column col-full tb_rzrl402 first\">\n                    <!-- module text -->\n<div  class=\"module module-text tb_p62v402    wow\" data-tf-animation=\"fadeIn\" data-tf-animation_delay=\"0.2\" data-lazy=\"1\">\n        <div  class=\"tb_text_wrap\">\n        <p>Die j\u00e4hrlich statt findende Berlinale im Februar ist ein Event, dass in meinem Kalender nicht fehlen darf. 10 Tage lang befindet sich Berlins Kinokultur\u00a0im Ausnahmezustand, denn fast \u00fcberall wird der rote Teppich vor den Lichtspielh\u00e4usern ausgerollt und die Filmschaffenden gehen ein und aus.<\/p>\n<p>Das besondere der Berlinale im direkten Vergleich zu den vielen anderen Filmfestspielen; Sie ist das gr\u00f6\u00dfte Publikumsfestival der Filmbranche. Jeder kann also teilhaben an diesem Ereignis,\u00a0so weit er denn an die begehrten Karten f\u00fcr die Vorstellungen kommt. Die Einbindung des Publikums\u00a0endet \u00fcbrigens nicht nur bei der Filmvorstellung, sondern gerne auch in\u00a0einer Begegnung mit den Filmschaffenden in den\u00a0sogenannten &#8220;Question &amp; Answer&#8221; (Kurz: Q&amp;A) Runden nach der Vorf\u00fchrung, in denen das Publikum seine Fragen an das Filmteam stellen kann.<br>Eine weitere Besonderheit ist die kulturelle Vielfalt an Filmen w\u00e4hrend der Berlinale. Hier spielen weniger\u00a0die gro\u00dfen Blockbuster aus Hollywood die Hauptrolle, sondern Filme aus jeder Ecke dieser Welt. Damit man ein bisschen \u00dcberblick bei der Masse an Filmen beh\u00e4lt, besitzt die Berlinale verschiedene Sektionen, die es durchaus erleichtern k\u00f6nnen etwas f\u00fcr sein pers\u00f6nliches\u00a0Interesse\u00a0zu finden. Eine Sektion davon ist der Wettbewerb und hier geht es am Ende des Filmfestes um den goldenen B\u00e4ren. Doch auch die anderen Sektionen haben zum Teil ihre eigenen Preise wie z.B. die Generation, wo die Gewinner einen gl\u00e4sernen B\u00e4ren verliehen bekommen von einer Kinder- bzw. Jugenjury.<br>Zus\u00e4tzlich findet w\u00e4hrend der Berlinale auch der European Film Market, der Co-Production Market und die Berlinale Talents statt, was aber Anlaufpunkte f\u00fcr (angehende) Filmschaffende sind. Hier werden Seminare abgehalten, sich mit Regisseuren ausgetauscht oder auch Filmrechte verkauft.<\/p>\n<p>Doch nun genug der Erkl\u00e4rungen, denn wenn Berlinalezeit ist, sitze ich nicht nur im Kino und schaue mir mehrere Vorstellungen pro Tag an, sondern ich schreibe auch gerne \u00fcber das gesehene. So f\u00e4llt\u00a0mein Internetauftritt von BERLINHIMMEL immer im Februar in einen\u00a0Berlinalemodus und es gibt hier viele Berichte mit Fotos zum st\u00f6bern. Auch per X melde ich mich dann gelegentlich live von der Berlinale.<\/p>\n<p>Wer \u00fcbrigens meine Beitr\u00e4ge aus den letzten Jahren nachlesen m\u00f6chte, kann gerne direkt ZUM ARCHIV springen. Und wer den einen oder anderen Film in sein Archiv aufnehmen m\u00f6chte, der kann mal einen Blick auf meine <a href=\"https:\/\/berlinhimmel.de\/filmwelt\/berlinale\/berlinale-filmreleases\/\">\u00dcbersicht f\u00fcr verf\u00fcgbare Filme<\/a> werfen.\u00a0<\/p>\n<p>PS: Diese Seite ist auch direkt \u00fcber die Internetadresse <a class=\"\" href=\"https:\/\/berlinalereport.de\">www.berlinalereport.de<\/a> zu erreichen.<\/p>    <\/div>\n<\/div>\n<!-- \/module text -->        <\/div>\n                        <\/div>\n        <\/div>\n        <\/div>\n<!--\/themify_builder_content-->","protected":false},"excerpt":{"rendered":"<p>{&#8220;actions&#8221;:[{&#8220;path&#8221;:&#8221;\/private_files\/lf30_hvkvxnt3&#8243;,&#8221;seg&#8221;:&#8221;0,47&#8243;}],&#8221;loop&#8221;:1} Information zur 74. Berlinale Die Berlinale findet vom 15. &#8211; 25. Februar in Berlin statt. Aktuelle Vorank\u00fcndigungen &amp; Infos aller Sektionen gibt es bei den Pressemitteilungen. Das vollst\u00e4ndige Programm ist hier zu finden: Berlinale Programm. Tickets gibt es nur noch online und in der Regel 3 Tage vor Beginn der Vorstellung. Wiederholungen aus dem [&hellip;]<\/p>\n","protected":false},"author":1,"featured_media":7752,"parent":0,"menu_order":0,"comment_status":"closed","ping_status":"closed","template":"","meta":{"footnotes":""},"class_list":["post-11531","page","type-page","status-publish","has-post-thumbnail","hentry","has-post-title","has-post-date","has-post-category","has-post-tag","has-post-comment","has-post-author",""],"aioseo_notices":[],"_links":{"self":[{"href":"https:\/\/berlinhimmel.de\/en\/wp-json\/wp\/v2\/pages\/11531","targetHints":{"allow":["GET"]}}],"collection":[{"href":"https:\/\/berlinhimmel.de\/en\/wp-json\/wp\/v2\/pages"}],"about":[{"href":"https:\/\/berlinhimmel.de\/en\/wp-json\/wp\/v2\/types\/page"}],"author":[{"embeddable":true,"href":"https:\/\/berlinhimmel.de\/en\/wp-json\/wp\/v2\/users\/1"}],"replies":[{"embeddable":true,"href":"https:\/\/berlinhimmel.de\/en\/wp-json\/wp\/v2\/comments?post=11531"}],"version-history":[{"count":16,"href":"https:\/\/berlinhimmel.de\/en\/wp-json\/wp\/v2\/pages\/11531\/revisions"}],"predecessor-version":[{"id":13672,"href":"https:\/\/berlinhimmel.de\/en\/wp-json\/wp\/v2\/pages\/11531\/revisions\/13672"}],"wp:featuredmedia":[{"embeddable":true,"href":"https:\/\/berlinhimmel.de\/en\/wp-json\/wp\/v2\/media\/7752"}],"wp:attachment":[{"href":"https:\/\/berlinhimmel.de\/en\/wp-json\/wp\/v2\/media?parent=11531"}],"curies":[{"name":"wp","href":"https:\/\/api.w.org\/{rel}","templated":true}]}}